{"id":1302,"date":"2020-07-19T18:52:19","date_gmt":"2020-07-19T18:52:19","guid":{"rendered":"https:\/\/supplychainconsultancy.at\/?page_id=1302"},"modified":"2020-09-01T07:02:29","modified_gmt":"2020-09-01T07:02:29","slug":"holistic-supply-chain","status":"publish","type":"page","link":"https:\/\/supplychainconsultancy.at\/de\/holistic-supply-chain\/","title":{"rendered":"Holistic Supply Chain"},"content":{"rendered":"<p><div class=\"fusion-fullwidth fullwidth-box fusion-builder-row-1 nonhundred-percent-fullwidth non-hundred-percent-height-scrolling\"  style='background-color: rgba(255,255,255,0);background-position: center center;background-repeat: no-repeat;padding-top:0px;padding-right:30px;padding-bottom:0px;padding-left:30px;'><div class=\"fusion-builder-row fusion-row \"><div  class=\"fusion-layout-column fusion_builder_column fusion_builder_column_1_1 fusion-builder-column-0 fusion-one-full fusion-column-first fusion-column-last 1_1\"  style='margin-top:0px;margin-bottom:20px;'><div class=\"fusion-column-wrapper\" style=\"padding: 0px 0px 0px 0px;background-position:left top;background-repeat:no-repeat;-webkit-background-size:cover;-moz-background-size:cover;-o-background-size:cover;background-size:cover;\"   data-bg-url=\"\"><div class=\"fusion-text\"><h1 class=\"fusion-responsive-typography-calculated\" style=\"text-align: center; line-height: 1.28; --fontsize: 72;\" data-lineheight=\"92.16px\" data-fontsize=\"72\"><span style=\"color: #033d8f;\">Holistic Supply Chain<\/span><\/h1>\n<h4 class=\"fusion-responsive-typography-calculated\" style=\"text-align: center; line-height: 1.5; --minfontsize: 18; --fontsize: 18;\" data-lineheight=\"27px\" data-fontsize=\"18\">Der Spiegel Ihrer Lieferkapazit\u00e4ten<\/h4>\n<\/div><div class=\"imageframe-align-center\"><span style=\"width:100%;max-width:40%;\" class=\"fusion-imageframe imageframe-none imageframe-1 hover-type-none\"><img decoding=\"async\" src=\"https:\/\/supplychainconsultancy.at\/wp-content\/uploads\/2020\/03\/logistics-877568_1920.jpg\" width=\"1920\" height=\"1357\" alt=\"\" title=\"logistics-877568_1920\" class=\"img-responsive wp-image-1154\" srcset=\"https:\/\/supplychainconsultancy.at\/wp-content\/uploads\/2020\/03\/logistics-877568_1920-200x141.jpg 200w, https:\/\/supplychainconsultancy.at\/wp-content\/uploads\/2020\/03\/logistics-877568_1920-400x283.jpg 400w, https:\/\/supplychainconsultancy.at\/wp-content\/uploads\/2020\/03\/logistics-877568_1920-600x424.jpg 600w, https:\/\/supplychainconsultancy.at\/wp-content\/uploads\/2020\/03\/logistics-877568_1920-800x565.jpg 800w, https:\/\/supplychainconsultancy.at\/wp-content\/uploads\/2020\/03\/logistics-877568_1920-1200x848.jpg 1200w, https:\/\/supplychainconsultancy.at\/wp-content\/uploads\/2020\/03\/logistics-877568_1920.jpg 1920w\" sizes=\"(max-width: 1215px) 100vw, 1920px\" \/><\/span><\/div><div class=\"fusion-clearfix\"><\/div><\/div><\/div><\/div><\/div><style type=\"text\/css\">.fusion-fullwidth.fusion-builder-row-1 a:not(.fusion-button):not(.fusion-builder-module-control):not(.fusion-social-network-icon):not(.fb-icon-element):not(.fusion-countdown-link):not(.fusion-rollover-link):not(.fusion-rollover-gallery):not(.fusion-button-bar):not(.add_to_cart_button):not(.show_details_button):not(.product_type_external):not(.fusion-quick-view):not(.fusion-rollover-title-link):not(.fusion-breadcrumb-link) , .fusion-fullwidth.fusion-builder-row-1 a:not(.fusion-button):not(.fusion-builder-module-control):not(.fusion-social-network-icon):not(.fb-icon-element):not(.fusion-countdown-link):not(.fusion-rollover-link):not(.fusion-rollover-gallery):not(.fusion-button-bar):not(.add_to_cart_button):not(.show_details_button):not(.product_type_external):not(.fusion-quick-view):not(.fusion-rollover-title-link):not(.fusion-breadcrumb-link):before, .fusion-fullwidth.fusion-builder-row-1 a:not(.fusion-button):not(.fusion-builder-module-control):not(.fusion-social-network-icon):not(.fb-icon-element):not(.fusion-countdown-link):not(.fusion-rollover-link):not(.fusion-rollover-gallery):not(.fusion-button-bar):not(.add_to_cart_button):not(.show_details_button):not(.product_type_external):not(.fusion-quick-view):not(.fusion-rollover-title-link):not(.fusion-breadcrumb-link):after {color: #29d5ff;}.fusion-fullwidth.fusion-builder-row-1 a:not(.fusion-button):not(.fusion-builder-module-control):not(.fusion-social-network-icon):not(.fb-icon-element):not(.fusion-countdown-link):not(.fusion-rollover-link):not(.fusion-rollover-gallery):not(.fusion-button-bar):not(.add_to_cart_button):not(.show_details_button):not(.product_type_external):not(.fusion-quick-view):not(.fusion-rollover-title-link):not(.fusion-breadcrumb-link):hover, .fusion-fullwidth.fusion-builder-row-1 a:not(.fusion-button):not(.fusion-builder-module-control):not(.fusion-social-network-icon):not(.fb-icon-element):not(.fusion-countdown-link):not(.fusion-rollover-link):not(.fusion-rollover-gallery):not(.fusion-button-bar):not(.add_to_cart_button):not(.show_details_button):not(.product_type_external):not(.fusion-quick-view):not(.fusion-rollover-title-link):not(.fusion-breadcrumb-link):hover:before, .fusion-fullwidth.fusion-builder-row-1 a:not(.fusion-button):not(.fusion-builder-module-control):not(.fusion-social-network-icon):not(.fb-icon-element):not(.fusion-countdown-link):not(.fusion-rollover-link):not(.fusion-rollover-gallery):not(.fusion-button-bar):not(.add_to_cart_button):not(.show_details_button):not(.product_type_external):not(.fusion-quick-view):not(.fusion-rollover-title-link):not(.fusion-breadcrumb-link):hover:after {color: #29d5ff;}.fusion-fullwidth.fusion-builder-row-1 .pagination a.inactive:hover, .fusion-fullwidth.fusion-builder-row-1 .fusion-filters .fusion-filter.fusion-active a {border-color: #29d5ff;}.fusion-fullwidth.fusion-builder-row-1 .pagination .current {border-color: #29d5ff; background-color: #29d5ff;}.fusion-fullwidth.fusion-builder-row-1 .fusion-filters .fusion-filter.fusion-active a, .fusion-fullwidth.fusion-builder-row-1 .fusion-date-and-formats .fusion-format-box, .fusion-fullwidth.fusion-builder-row-1 .fusion-popover, .fusion-fullwidth.fusion-builder-row-1 .tooltip-shortcode {color: #29d5ff;}#main .fusion-fullwidth.fusion-builder-row-1 .post .blog-shortcode-post-title a:hover {color: #29d5ff;}<\/style><div class=\"fusion-fullwidth fullwidth-box fusion-builder-row-2 nonhundred-percent-fullwidth non-hundred-percent-height-scrolling fusion-equal-height-columns\"  style='background-color: rgba(255,255,255,0);background-position: center center;background-repeat: no-repeat;padding-top:0px;padding-right:30px;padding-bottom:0px;padding-left:30px;'><div class=\"fusion-builder-row fusion-row \"><div  class=\"fusion-layout-column fusion_builder_column fusion_builder_column_1_2 fusion-builder-column-1 fusion-one-half fusion-column-first 1_2\"  style='margin-top:0px;margin-bottom:20px;width:50%;width:calc(50% - ( ( 4% ) * 0.5 ) );margin-right: 4%;'><div class=\"fusion-column-wrapper\" style=\"padding: 0px 0px 0px 0px;background-position:left top;background-repeat:no-repeat;-webkit-background-size:cover;-moz-background-size:cover;-o-background-size:cover;background-size:cover;\"   data-bg-url=\"\"><style type=\"text\/css\"><\/style><div class=\"fusion-title title fusion-title-1 fusion-title-text fusion-title-size-one\" style=\"margin-top:0px;margin-bottom:31px;\"><h1 class=\"title-heading-left\" style=\"margin:0;\"><h4 style=\"text-align: left;\"><strong><span style=\"float: none; background-color: #ffffff; color: #29d5ff; font-family: 'Montserrat Black', sans-serif; font-size: 20px; font-stretch: inherit; font-style: inherit; font-variant: inherit; letter-spacing: normal; line-height: var(--heading-line-height); orphans: 2; text-align: left; text-decoration: none; text-indent: 0px; text-transform: uppercase; -webkit-text-stroke-width: 0px; white-space: normal; word-spacing: 0px; display: inline !important;\">Was es ist<\/span><\/strong><\/h4><\/h1><div class=\"title-sep-container\"><div class=\"title-sep sep-\" style=\"border-color:#e0dede;\"><\/div><\/div><\/div><div class=\"fusion-text\"><p>Das Holistic Supply Chain-Tool erm\u00f6glicht es komplexen Lieferketten mit mehreren Produkttransformationen, in einer gemeinsamen Sprache zu sprechen und einen zeitnahen \u00dcberblick \u00fcber die Best\u00e4nde und die Nachfragedynamik unter den Mitgliedern der Lieferkette zu erhalten.<\/p>\n<\/div><style type=\"text\/css\"><\/style><div class=\"fusion-title title fusion-title-2 fusion-title-text fusion-title-size-one\" style=\"margin-top:0px;margin-bottom:31px;\"><h1 class=\"title-heading-left\" style=\"margin:0;\"><h4 class=\"fusion-responsive-typography-calculated\" style=\"text-align: left; line-height: 1.5; --minfontsize: 18; --fontsize: 18;\" data-lineheight=\"27px\" data-fontsize=\"18\"><strong><span style=\"font-size: 19px; color: #29d5ff;\" data-fusion-font=\"true\"><span style=\"font-size: 20px;\" data-fusion-font=\"true\">WAS ES IHREM UNTERNEHMEN BRINGT:<\/span><\/span><\/strong><\/h4><\/h1><div class=\"title-sep-container\"><div class=\"title-sep sep-\" style=\"border-color:#e0dede;\"><\/div><\/div><\/div><div class=\"fusion-text\"><p><b>Echte F\u00e4lle zeigen bis zu:<\/b><\/p>\n<ol>\n<li><b>70% <\/b>weniger<b> Bullwhip Effekte, <\/b><\/li>\n<li><b>40% <\/b>weniger <b>Bestand, <\/b>und bis zu<b><\/b><\/li>\n<li><b>80% <\/b>weniger <b>veraltete Materialien <\/b>w\u00e4hrend<b> Modell\u00e4nderungen<\/b><\/li>\n<\/ol>\n<p>Gleichzeitig kann das Kundendienstniveau erh\u00f6ht werden<\/p>\n<\/div><div class=\"fusion-clearfix\"><\/div><\/div><\/div><div  class=\"fusion-layout-column fusion_builder_column fusion_builder_column_1_2 fusion-builder-column-2 fusion-one-half fusion-column-last 1_2\"  style='margin-top:0px;margin-bottom:20px;width:50%;width:calc(50% - ( ( 4% ) * 0.5 ) );'><div class=\"fusion-column-wrapper\" style=\"padding: 0px 0px 0px 0px;background-position:left top;background-repeat:no-repeat;-webkit-background-size:cover;-moz-background-size:cover;-o-background-size:cover;background-size:cover;\"   data-bg-url=\"\"><style type=\"text\/css\"><\/style><div class=\"fusion-title title fusion-title-3 fusion-title-text fusion-title-size-one\" style=\"margin-top:0px;margin-bottom:31px;\"><h1 class=\"title-heading-left\" style=\"margin:0;\"><h4><strong><span style=\"float: none; background-color: #ffffff; color: #29d5ff; font-family: 'Montserrat Black', sans-serif; font-size: 20px; font-stretch: inherit; font-style: inherit; font-variant: inherit; letter-spacing: normal; line-height: var(--heading-line-height); orphans: 2; text-align: left; text-decoration: none; text-indent: 0px; text-transform: uppercase; -webkit-text-stroke-width: 0px; white-space: normal; word-spacing: 0px; display: inline !important;\">Einsatzgebiete<\/span><\/strong><\/h4><\/h1><div class=\"title-sep-container\"><div class=\"title-sep sep-\" style=\"border-color:#e0dede;\"><\/div><\/div><\/div><div class=\"fusion-text\"><p>Indem Sie \u00fcber Daten zur Nachfrageentwicklung und zu den Lagerbest\u00e4nden in allen Lieferketten verf\u00fcgen, sind Sie in der Lage, folgendes zu tun:<\/p>\n<ol>\n<li>Erkennen Sie \u00dcber- und Unterbest\u00e4nde im Lagerbestand,<\/li>\n<li>Auslaufmodelle besser verwalten.<\/li>\n<li>Bullwhip-Effekte erkennen<\/li>\n<li>Simulation von Was-w\u00e4re-wenn-Szenarien im Falle kurzfristiger Nachfrage\u00e4nderungen,<\/li>\n<li>die Anzahl der \u00dcberlebenstage im Falle von Katastrophen zu berechnen, und<\/li>\n<li><b>Jeder andere Bericht, den man sich w\u00fcnscht.<\/b><\/li>\n<\/ol>\n<\/div><div class=\"fusion-clearfix\"><\/div><\/div><\/div><div  class=\"fusion-layout-column fusion_builder_column fusion_builder_column_1_2 fusion-builder-column-3 fusion-one-half fusion-column-first 1_2\"  style='margin-top:0px;margin-bottom:20px;width:50%;width:calc(50% - ( ( 4% ) * 0.5 ) );margin-right: 4%;'><div class=\"fusion-column-wrapper\" style=\"padding: 0px 0px 0px 0px;background-position:left top;background-repeat:no-repeat;-webkit-background-size:cover;-moz-background-size:cover;-o-background-size:cover;background-size:cover;\"   data-bg-url=\"\"><style type=\"text\/css\"><\/style><div class=\"fusion-title title fusion-title-4 fusion-title-text fusion-title-size-one\" style=\"margin-top:0px;margin-bottom:31px;\"><h1 class=\"title-heading-left\" style=\"margin:0;\"><h4><strong><span style=\"float: none; background-color: #ffffff; color: #29d5ff; font-family: 'Montserrat Black', sans-serif; font-size: 20px; font-stretch: inherit; font-style: inherit; font-variant: inherit; letter-spacing: normal; line-height: var(--heading-line-height); orphans: 2; text-align: left; text-decoration: none; text-indent: 0px; text-transform: uppercase; -webkit-text-stroke-width: 0px; white-space: normal; word-spacing: 0px; display: inline !important;\">Was es besonders macht<\/span><\/strong><\/h4><\/h1><div class=\"title-sep-container\"><div class=\"title-sep sep-\" style=\"border-color:#e0dede;\"><\/div><\/div><\/div><div class=\"fusion-text\"><p>Das Instrument der Ganzheitlichen Lieferkette konzentriert sich nicht auf Lagerhaltung, Transport und Zollkontrolle. Stattdessen vergleicht es die Nachfrageentwicklung mit den Best\u00e4nden in allen Lieferketten.<\/p>\n<ol>\n<li>Die Kommunikation geht \u00fcber einen Zwei-Knoten-Modus hinaus, w\u00e4hrend andere Supply-Chain-Instrumente sich auf einen Satz von zwei Knoten in Ketten auf Kunden-Lieferanten-Basis konzentrieren,<\/li>\n<li>Kommunikation in einer gemeinsamen Sprache erh\u00f6ht die Geschwindigkeit von Korrekturma\u00dfnahmen,<\/li>\n<li>Eine nicht-invasive (kein Zugriff durch Firewalls erforderlich) Datenextraktionsmethode erm\u00f6glicht eine sehr kurze Implementierungszeit,<\/li>\n<li>An den derzeitigen ERP-Systemen und Prognose-\/Bestellverfahren sind keine \u00c4nderungen erforderlich,<\/li>\n<li>Sie werden nicht gebeten, Ihre Supply Chain zu verwalten, stattdessen liegt der Schwerpunkt auf dem Ausnahmemanagement,<\/li>\n<li>Ihr Unternehmen wird nur bei relevanten Ereignissen involviert und<\/li>\n<li>Alle Teilnehmer profitieren eine typische Win-Win-Situation<\/li>\n<\/ol>\n<\/div><div class=\"fusion-clearfix\"><\/div><\/div><\/div><div  class=\"fusion-layout-column fusion_builder_column fusion_builder_column_1_2 fusion-builder-column-4 fusion-one-half fusion-column-last 1_2\"  style='margin-top:0px;margin-bottom:20px;width:50%;width:calc(50% - ( ( 4% ) * 0.5 ) );'><div class=\"fusion-column-wrapper\" style=\"padding: 0px 0px 0px 0px;background-position:left top;background-repeat:no-repeat;-webkit-background-size:cover;-moz-background-size:cover;-o-background-size:cover;background-size:cover;\"   data-bg-url=\"\"><style type=\"text\/css\"><\/style><div class=\"fusion-title title fusion-title-5 fusion-title-text fusion-title-size-one\" style=\"margin-top:0px;margin-bottom:31px;\"><h1 class=\"title-heading-left\" style=\"margin:0;\"><h4><strong><span style=\"float: none; background-color: #ffffff; color: #29d5ff; font-family: 'Montserrat Black', sans-serif; font-size: 20px; font-stretch: inherit; font-style: inherit; font-variant: inherit; letter-spacing: normal; line-height: var(--heading-line-height); orphans: 2; text-align: left; text-decoration: none; text-indent: 0px; text-transform: uppercase; -webkit-text-stroke-width: 0px; white-space: normal; word-spacing: 0px; display: inline !important;\">Management Zusammenfassung und Video<\/span><\/strong><\/h4><\/h1><div class=\"title-sep-container\"><div class=\"title-sep sep-\" style=\"border-color:#e0dede;\"><\/div><\/div><\/div><div class=\"fusion-button-wrapper fusion-alignleft\"><style type=\"text\/css\">.fusion-button.button-1 {border-radius:2px;}.fusion-button.button-1 .fusion-button-text {text-transform:uppercase;}<\/style><a class=\"fusion-button button-flat fusion-button-default-size button-default button-1 fusion-button-default-span fusion-button-default-type\" target=\"_self\" href=\"https:\/\/supplychainconsultancy.at\/de\/holistic-supply-chain-presentation\/\"><i class=\"fa-link fas button-icon-left\"><\/i><span class=\"fusion-button-text\">Holistic Supply Chain<\/span><\/a><\/div><br\/><br\/><div class=\"fusion-button-wrapper fusion-alignleft\"><style type=\"text\/css\">.fusion-button.button-2 {border-radius:2px;}<\/style><a class=\"fusion-button button-flat fusion-button-default-size button-default button-2 fusion-button-default-span fusion-button-default-type\" target=\"_self\" href=\"https:\/\/www.youtube.com\/watch?v=ib7C5pIWnjc&amp;feature=youtu.be \"><i class=\"fa-link fas button-icon-left\"><\/i><span class=\"fusion-button-text\">Holistic Supply Chain Video<\/span><\/a><\/div><div class=\"fusion-clearfix\"><\/div><\/div><\/div><\/div><\/div><style type=\"text\/css\">.fusion-fullwidth.fusion-builder-row-2 a:not(.fusion-button):not(.fusion-builder-module-control):not(.fusion-social-network-icon):not(.fb-icon-element):not(.fusion-countdown-link):not(.fusion-rollover-link):not(.fusion-rollover-gallery):not(.fusion-button-bar):not(.add_to_cart_button):not(.show_details_button):not(.product_type_external):not(.fusion-quick-view):not(.fusion-rollover-title-link):not(.fusion-breadcrumb-link) , .fusion-fullwidth.fusion-builder-row-2 a:not(.fusion-button):not(.fusion-builder-module-control):not(.fusion-social-network-icon):not(.fb-icon-element):not(.fusion-countdown-link):not(.fusion-rollover-link):not(.fusion-rollover-gallery):not(.fusion-button-bar):not(.add_to_cart_button):not(.show_details_button):not(.product_type_external):not(.fusion-quick-view):not(.fusion-rollover-title-link):not(.fusion-breadcrumb-link):before, .fusion-fullwidth.fusion-builder-row-2 a:not(.fusion-button):not(.fusion-builder-module-control):not(.fusion-social-network-icon):not(.fb-icon-element):not(.fusion-countdown-link):not(.fusion-rollover-link):not(.fusion-rollover-gallery):not(.fusion-button-bar):not(.add_to_cart_button):not(.show_details_button):not(.product_type_external):not(.fusion-quick-view):not(.fusion-rollover-title-link):not(.fusion-breadcrumb-link):after {color: #29d5ff;}.fusion-fullwidth.fusion-builder-row-2 a:not(.fusion-button):not(.fusion-builder-module-control):not(.fusion-social-network-icon):not(.fb-icon-element):not(.fusion-countdown-link):not(.fusion-rollover-link):not(.fusion-rollover-gallery):not(.fusion-button-bar):not(.add_to_cart_button):not(.show_details_button):not(.product_type_external):not(.fusion-quick-view):not(.fusion-rollover-title-link):not(.fusion-breadcrumb-link):hover, .fusion-fullwidth.fusion-builder-row-2 a:not(.fusion-button):not(.fusion-builder-module-control):not(.fusion-social-network-icon):not(.fb-icon-element):not(.fusion-countdown-link):not(.fusion-rollover-link):not(.fusion-rollover-gallery):not(.fusion-button-bar):not(.add_to_cart_button):not(.show_details_button):not(.product_type_external):not(.fusion-quick-view):not(.fusion-rollover-title-link):not(.fusion-breadcrumb-link):hover:before, .fusion-fullwidth.fusion-builder-row-2 a:not(.fusion-button):not(.fusion-builder-module-control):not(.fusion-social-network-icon):not(.fb-icon-element):not(.fusion-countdown-link):not(.fusion-rollover-link):not(.fusion-rollover-gallery):not(.fusion-button-bar):not(.add_to_cart_button):not(.show_details_button):not(.product_type_external):not(.fusion-quick-view):not(.fusion-rollover-title-link):not(.fusion-breadcrumb-link):hover:after {color: #29d5ff;}.fusion-fullwidth.fusion-builder-row-2 .pagination a.inactive:hover, .fusion-fullwidth.fusion-builder-row-2 .fusion-filters .fusion-filter.fusion-active a {border-color: #29d5ff;}.fusion-fullwidth.fusion-builder-row-2 .pagination .current {border-color: #29d5ff; background-color: #29d5ff;}.fusion-fullwidth.fusion-builder-row-2 .fusion-filters .fusion-filter.fusion-active a, .fusion-fullwidth.fusion-builder-row-2 .fusion-date-and-formats .fusion-format-box, .fusion-fullwidth.fusion-builder-row-2 .fusion-popover, .fusion-fullwidth.fusion-builder-row-2 .tooltip-shortcode {color: #29d5ff;}#main .fusion-fullwidth.fusion-builder-row-2 .post .blog-shortcode-post-title a:hover {color: #29d5ff;}<\/style><\/p>\n","protected":false},"excerpt":{"rendered":"","protected":false},"author":6,"featured_media":0,"parent":0,"menu_order":0,"comment_status":"closed","ping_status":"closed","template":"","meta":[],"_links":{"self":[{"href":"https:\/\/supplychainconsultancy.at\/de\/wp-json\/wp\/v2\/pages\/1302"}],"collection":[{"href":"https:\/\/supplychainconsultancy.at\/de\/wp-json\/wp\/v2\/pages"}],"about":[{"href":"https:\/\/supplychainconsultancy.at\/de\/wp-json\/wp\/v2\/types\/page"}],"author":[{"embeddable":true,"href":"https:\/\/supplychainconsultancy.at\/de\/wp-json\/wp\/v2\/users\/6"}],"replies":[{"embeddable":true,"href":"https:\/\/supplychainconsultancy.at\/de\/wp-json\/wp\/v2\/comments?post=1302"}],"version-history":[{"count":9,"href":"https:\/\/supplychainconsultancy.at\/de\/wp-json\/wp\/v2\/pages\/1302\/revisions"}],"predecessor-version":[{"id":1455,"href":"https:\/\/supplychainconsultancy.at\/de\/wp-json\/wp\/v2\/pages\/1302\/revisions\/1455"}],"wp:attachment":[{"href":"https:\/\/supplychainconsultancy.at\/de\/wp-json\/wp\/v2\/media?parent=1302"}],"curies":[{"name":"wp","href":"https:\/\/api.w.org\/{rel}","templated":true}]}}